{"id":20697,"date":"2022-06-03T07:42:52","date_gmt":"2022-06-03T05:42:52","guid":{"rendered":"https:\/\/www.ourforte.eu\/references-overview\/smart-building-allianz-real-estate\/"},"modified":"2022-06-03T07:42:52","modified_gmt":"2022-06-03T05:42:52","slug":"smart-building-allianz-real-estate","status":"publish","type":"page","link":"https:\/\/www.ourforte.eu\/en\/references-overview\/smart-building-allianz-real-estate\/","title":{"rendered":"Smart Building: Allianz Real Estate"},"content":{"rendered":"<h2>FORT\u00c9 implements smart building package at Sky Office in D\u00fcsseldorf<\/h2>\n<p>As system integrator, FORT\u00c9 has successfully upgraded the Sky Office D\u00fcsseldorf of Allianz RE (now<a href=\"https:\/\/www.ourforte.eu\/en\/references-overview\/smart-building-evolution-pimcos-digital-transformation-in-madrid\/\">&#8220;PIMCO<\/a>&#8220;) to a smart building. The scope of the integration included the installation of a new building IT infrastructure, the integration of various sensors and the central data aggregation in a Building Operating System (BOS). The Sky Office is one of the most striking properties in D\u00fcsseldorf on Kennedydamm, has more than 10,000 square meters of gross floor space and is home to numerous well-known companies.  <\/p>\n<h3>Special focus on sustainable management<\/h3>\n<p>Allianz Real Estate has launched a <a href=\"https:\/\/www.ourforte.eu\/en\/our-solutions\/smart-building\/\">smart building program<\/a> to equip selected properties in its portfolio with intelligent features and IoT sensors.<\/p>\n<h3>Holistic approach for D\u00fcsseldorf<\/h3>\n<p>In line with FORT\u00c9&#8217;s holistic approach, support was provided right from the planning process. This was followed by the implementation phase of the hardware, sensors and software as well as the seamless transition to the operation of the smart building as an IoT managed service for D\u00fcsseldorf and beyond. <\/p>\n","protected":false},"excerpt":{"rendered":"<p>FORT\u00c9 implements smart building package at Sky Office in D\u00fcsseldorf As system integrator, FORT\u00c9 has successfully upgraded the Sky Office D\u00fcsseldorf of Allianz RE (now&#8220;PIMCO&#8220;) to a smart building. The scope of the integration included the installation of a new building IT infrastructure, the integration of various sensors and the central data aggregation in a [&hellip;]<\/p>\n","protected":false},"author":8,"featured_media":0,"parent":20384,"menu_order":0,"comment_status":"closed","ping_status":"closed","template":"","meta":{"_acf_changed":false,"content-type":"","footnotes":""},"class_list":["post-20697","page","type-page","status-publish","hentry"],"acf":[],"yoast_head":"<!-- This site is optimized with the Yoast SEO plugin v27.4 - https:\/\/yoast.com\/product\/yoast-seo-wordpress\/ -->\n<title>Reference: Smart Building at Allianz RE Sky Office - FORT\u00c9 Germany GmbH<\/title>\n<meta name=\"description\" content=\"From sky office to modern smart building with FORT\u00c9 \ud83d\udca5! Discover the result of our collaboration with Allianz Real Estate!\" \/>\n<meta name=\"robots\" content=\"index, follow, max-snippet:-1, max-image-preview:large, max-video-preview:-1\" \/>\n<link rel=\"canonical\" href=\"https:\/\/www.ourforte.eu\/en\/references-overview\/smart-building-allianz-real-estate\/\" \/>\n<meta property=\"og:locale\" content=\"en_US\" \/>\n<meta property=\"og:type\" content=\"article\" \/>\n<meta property=\"og:title\" content=\"Reference: Smart Building at Allianz RE Sky Office - FORT\u00c9 Germany GmbH\" \/>\n<meta property=\"og:description\" content=\"From sky office to modern smart building with FORT\u00c9 \ud83d\udca5! Discover the result of our collaboration with Allianz Real Estate!\" \/>\n<meta property=\"og:url\" content=\"https:\/\/www.ourforte.eu\/en\/references-overview\/smart-building-allianz-real-estate\/\" \/>\n<meta property=\"og:site_name\" content=\"FORT\u00c9 Germany GmbH\" \/>\n<meta property=\"og:image\" content=\"https:\/\/www.gms-mediaservices.de\/wp-content\/uploads\/2022\/06\/Header_Allianz-Real_Estate-Sky-Office-Duesseldorf-1024x546.jpg\" \/>\n<meta name=\"twitter:card\" content=\"summary_large_image\" \/>\n<meta name=\"twitter:image\" content=\"https:\/\/www.gms-mediaservices.de\/wp-content\/uploads\/2022\/06\/Header_Allianz-Real_Estate-Sky-Office-Duesseldorf-1024x546.jpg\" \/>\n<meta name=\"twitter:label1\" content=\"Est. reading time\" \/>\n\t<meta name=\"twitter:data1\" content=\"1 minute\" \/>\n<!-- \/ Yoast SEO plugin. -->","yoast_head_json":{"title":"Reference: Smart Building at Allianz RE Sky Office - FORT\u00c9 Germany GmbH","description":"From sky office to modern smart building with FORT\u00c9 \ud83d\udca5! Discover the result of our collaboration with Allianz Real Estate!","robots":{"index":"index","follow":"follow","max-snippet":"max-snippet:-1","max-image-preview":"max-image-preview:large","max-video-preview":"max-video-preview:-1"},"canonical":"https:\/\/www.ourforte.eu\/en\/references-overview\/smart-building-allianz-real-estate\/","og_locale":"en_US","og_type":"article","og_title":"Reference: Smart Building at Allianz RE Sky Office - FORT\u00c9 Germany GmbH","og_description":"From sky office to modern smart building with FORT\u00c9 \ud83d\udca5! Discover the result of our collaboration with Allianz Real Estate!","og_url":"https:\/\/www.ourforte.eu\/en\/references-overview\/smart-building-allianz-real-estate\/","og_site_name":"FORT\u00c9 Germany GmbH","og_image":[{"url":"https:\/\/www.gms-mediaservices.de\/wp-content\/uploads\/2022\/06\/Header_Allianz-Real_Estate-Sky-Office-Duesseldorf-1024x546.jpg","type":"","width":"","height":""}],"twitter_card":"summary_large_image","twitter_image":"https:\/\/www.gms-mediaservices.de\/wp-content\/uploads\/2022\/06\/Header_Allianz-Real_Estate-Sky-Office-Duesseldorf-1024x546.jpg","twitter_misc":{"Est. reading time":"1 minute"},"schema":{"@context":"https:\/\/schema.org","@graph":[{"@type":"WebPage","@id":"https:\/\/www.ourforte.eu\/en\/references-overview\/smart-building-allianz-real-estate\/","url":"https:\/\/www.ourforte.eu\/en\/references-overview\/smart-building-allianz-real-estate\/","name":"Reference: Smart Building at Allianz RE Sky Office - FORT\u00c9 Germany GmbH","isPartOf":{"@id":"https:\/\/www.ourforte.eu\/en\/#website"},"datePublished":"2022-06-03T05:42:52+00:00","description":"From sky office to modern smart building with FORT\u00c9 \ud83d\udca5! Discover the result of our collaboration with Allianz Real Estate!","breadcrumb":{"@id":"https:\/\/www.ourforte.eu\/en\/references-overview\/smart-building-allianz-real-estate\/#breadcrumb"},"inLanguage":"en-US","potentialAction":[{"@type":"ReadAction","target":["https:\/\/www.ourforte.eu\/en\/references-overview\/smart-building-allianz-real-estate\/"]}]},{"@type":"BreadcrumbList","@id":"https:\/\/www.ourforte.eu\/en\/references-overview\/smart-building-allianz-real-estate\/#breadcrumb","itemListElement":[{"@type":"ListItem","position":1,"name":"Startseite","item":"https:\/\/www.ourforte.eu\/en\/forte-your-smart-building-and-media-technology-expert-in-frankfurt\/"},{"@type":"ListItem","position":2,"name":"References overview","item":"https:\/\/www.ourforte.eu\/en\/references-overview\/"},{"@type":"ListItem","position":3,"name":"Smart Building: Allianz Real Estate"}]},{"@type":"WebSite","@id":"https:\/\/www.ourforte.eu\/en\/#website","url":"https:\/\/www.ourforte.eu\/en\/","name":"FORT\u00c9 Germany GmbH","description":"Transforming the modern Workplace","potentialAction":[{"@type":"SearchAction","target":{"@type":"EntryPoint","urlTemplate":"https:\/\/www.ourforte.eu\/en\/?s={search_term_string}"},"query-input":{"@type":"PropertyValueSpecification","valueRequired":true,"valueName":"search_term_string"}}],"inLanguage":"en-US"}]}},"_links":{"self":[{"href":"https:\/\/www.ourforte.eu\/en\/wp-json\/wp\/v2\/pages\/20697","targetHints":{"allow":["GET"]}}],"collection":[{"href":"https:\/\/www.ourforte.eu\/en\/wp-json\/wp\/v2\/pages"}],"about":[{"href":"https:\/\/www.ourforte.eu\/en\/wp-json\/wp\/v2\/types\/page"}],"author":[{"embeddable":true,"href":"https:\/\/www.ourforte.eu\/en\/wp-json\/wp\/v2\/users\/8"}],"replies":[{"embeddable":true,"href":"https:\/\/www.ourforte.eu\/en\/wp-json\/wp\/v2\/comments?post=20697"}],"version-history":[{"count":0,"href":"https:\/\/www.ourforte.eu\/en\/wp-json\/wp\/v2\/pages\/20697\/revisions"}],"up":[{"embeddable":true,"href":"https:\/\/www.ourforte.eu\/en\/wp-json\/wp\/v2\/pages\/20384"}],"wp:attachment":[{"href":"https:\/\/www.ourforte.eu\/en\/wp-json\/wp\/v2\/media?parent=20697"}],"curies":[{"name":"wp","href":"https:\/\/api.w.org\/{rel}","templated":true}]}}