{"id":20686,"date":"2025-04-23T13:43:42","date_gmt":"2025-04-23T11:43:42","guid":{"rendered":"https:\/\/www.ourforte.eu\/blog\/gms-global-media-services-gmbh-becomes-forte\/"},"modified":"2025-07-22T08:18:19","modified_gmt":"2025-07-22T06:18:19","slug":"gms-global-media-services-gmbh-becomes-forte","status":"publish","type":"page","link":"https:\/\/www.ourforte.eu\/en\/blog\/gms-global-media-services-gmbh-becomes-forte\/","title":{"rendered":"GMS Global Media Services GmbH becomes FORT\u00c9"},"content":{"rendered":"<p><img decoding=\"async\" class=\"alignnone wp-image-17862 size-full lazyload\" data-src=\"https:\/\/www.ourforte.eu\/wp-content\/uploads\/2025\/04\/Aus-GMS-wird-FORTE.gif\" alt=\"GMS Global Media Services GmbH becomes FORT\u00c9  \" width=\"1280\" height=\"720\" src=\"data:image\/svg+xml;base64,PHN2ZyB3aWR0aD0iMSIgaGVpZ2h0PSIxIiB4bWxucz0iaHR0cDovL3d3dy53My5vcmcvMjAwMC9zdmciPjwvc3ZnPg==\" style=\"--smush-placeholder-width: 1280px; --smush-placeholder-aspect-ratio: 1280\/720;\"><\/p>\n<p><strong>MINNEAPOLIS\/FRANKFURT\/DUBLIN &#8211; April 23, 2025<\/strong> &#8211; FORT\u00c9, formerly AVI Systems and the third largest AV systems integrator in the U.S., today announced strategic investments in System Video, based in Dublin, Ireland, and GMS, based near Frankfurt am Main, Germany. The acquisition of these two established audiovisual integration companies strengthens FORT\u00c9&#8217;s global presence and advances its mission to transform the modern workplace for enterprise customers. <\/p>\n<p>&#8220;With these acquisitions, FORT\u00c9 reaffirms its commitment to bringing people, spaces and technology together in two critically important global markets,&#8221; said Jeff Stoebner, Chairman and CEO of FORT\u00c9. &#8220;With System Video and GMS now operating under the FORT\u00c9 brand, we can leverage their regional expertise to meet our customers&#8217; growing demand for scalable, flexible and future-proof solutions that enhance global collaboration and communication.&#8221; <\/p>\n<p>As more and more employees are returning to the office to work and exchange ideas, multinational companies are also placing greater demands on their strategic partners. They want standardized, scalable solutions with calculable implementation costs. They also expect a partner who has an overview of their entire technology infrastructure and supports them in the further development of the modern workplace. The acquisitions in Ireland and Germany position FORT\u00c9 in two of the world&#8217;s most influential business centers and enable the company to offer innovative collaboration solutions and services across Europe and globally.   <\/p>\n<p>System Video is a leading provider of audiovisual and unified communication solutions in Ireland and has built an excellent reputation for pioneering workplace technologies for multinational companies. Headquartered near Frankfurt, GMS specializes in the integration of professional media technology, managed services and smart building solutions and serves some of the largest companies in the world. <\/p>\n<p>Tobias Enders, Managing Director of GMS, welcomes the investment: &#8220;GMS has always been committed to delivering world-class AV and collaboration solutions,&#8221; he said. &#8220;As FORT\u00c9, we will continue to expand our growth and innovation power. By combining our strengths, we increase our ability to serve multinational companies with truly global solutions &#8211; while maintaining the local expertise that our customers rely on.&#8221; <\/p>\n<p>In 2020, the company became the largest shareholder in GPA &#8211; a global AV integration service provider for large multinational companies. With the two strategic investments in Europe, FORT\u00c9 consolidates its ability to serve international customers holistically. The expanded presence strengthens FORT\u00c9&#8217;s position to support enterprise customers with innovative, customized solutions that enable seamless connectivity and high productivity. In other markets, joint customers will continue to be served through GPA partners.   <\/p>\n<p>Both GMS and System Video will continue to be managed by the long-standing and established local management teams under the new FORT\u00c9 brand.<\/p>\n<p>&#8220;As businesses strive to transform the modern workplace and increase productivity, FORT\u00c9 remains focused on delivering technology that can be easily customized to meet individual requirements,&#8221; added David Carroll, Managing Director of System Video, which will operate under the FORT\u00c9 brand. &#8220;Together, we are shaping the future of communication and collaboration solutions and ensuring that businesses worldwide have access to secure, reliable and seamlessly integrated solutions, wherever they operate.&#8221; <\/p>\n<hr>\n<p><strong>ABOUT FORT\u00c9<\/strong><\/p>\n<p>FORT\u00c9 is a leading provider of innovative communication and collaboration solutions and services designed to transform work environments in business, education and government. With a focus on innovation, scalability and reliability, FORT\u00c9 helps organizations create connected and productive environments where people, spaces and technology work together seamlessly. FORT\u00c9 equips organizations with secure, future-proof systems that optimize every touchpoint for employees. For more information visit: <a href=\"http:\/\/www.ourforte.com\">www.ourforte.com<\/a>   <\/p>\n<hr>\n<p><strong>About GMS<\/strong><br \/>\nGMS (Global Media Services) is a manufacturer-independent full-service provider for smart building, media technology and video conferencing in Frankfurt am Main. We are the first point of contact for individual advice and professional installation of demand-specific media technology for companies in Frankfurt and throughout Germany. Our mission: We make complicated things simple!  <\/p>\n<p>With a holistic plan-build-operate approach, GMS supports the entire life cycle of media technology, video conferencing systems and smart building solutions. From conception to installation and operation, we support companies during the transition to a holistic system according to their individual requirements. If required, we can then take care of the maintenance of the technology and continue to provide advice.  <\/p>\n<p>&nbsp;<\/p>\n<hr>\n<p><strong>Download original press release [PDF, 0.5MB]<br \/>\n<\/strong> <a href=\"https:\/\/www.ourforte.eu\/wp-content\/uploads\/2025\/04\/GMS-Pressemitteilung-GMS-wird-zu-FORTE.pdf\">GMS press release GMS becomes FORTE<\/a><\/p>\n<hr>\n<p><strong><br \/>\nContact FORT\u00c9<\/strong><\/p>\n<p><strong>FORT\u00c9 Germany GmbH<\/strong><br \/>\nAm Kronberger Hang 8<br \/>\n65824 Schwalbach<\/p>\n<p>Tobias Enders<br \/>\nPhone: +49 (0) 6196 96793 0<\/p>\n<p><a href=\"https:\/\/www.ourforte.eu\/en\/\">https:\/\/www.ourforte.eu\/<\/a><\/p>\n","protected":false},"excerpt":{"rendered":"<p>MINNEAPOLIS\/FRANKFURT\/DUBLIN &#8211; April 23, 2025 &#8211; FORT\u00c9, formerly AVI Systems and the third largest AV systems integrator in the U.S., today announced strategic investments in System Video, based in Dublin, Ireland, and GMS, based near Frankfurt am Main, Germany. The acquisition of these two established audiovisual integration companies strengthens FORT\u00c9&#8217;s global presence and advances its [&hellip;]<\/p>\n","protected":false},"author":8,"featured_media":0,"parent":20378,"menu_order":0,"comment_status":"closed","ping_status":"closed","template":"","meta":{"_acf_changed":false,"content-type":"","footnotes":""},"class_list":["post-20686","page","type-page","status-publish","hentry"],"acf":[],"yoast_head":"<!-- This site is optimized with the Yoast SEO plugin v27.4 - https:\/\/yoast.com\/product\/yoast-seo-wordpress\/ -->\n<title>GMS Global Media Services GmbH becomes FORT\u00c9 - FORT\u00c9 Germany GmbH<\/title>\n<meta name=\"description\" content=\"FORT\u00c9 expands worldwide with the acquisition of System Video in Dublin and GMS near Frankfurt.\" \/>\n<meta name=\"robots\" content=\"index, follow, max-snippet:-1, max-image-preview:large, max-video-preview:-1\" \/>\n<link rel=\"canonical\" href=\"https:\/\/www.ourforte.eu\/en\/blog\/gms-global-media-services-gmbh-becomes-forte\/\" \/>\n<meta property=\"og:locale\" content=\"en_US\" \/>\n<meta property=\"og:type\" content=\"article\" \/>\n<meta property=\"og:title\" content=\"GMS Global Media Services GmbH becomes FORT\u00c9\" \/>\n<meta property=\"og:description\" content=\"FORT\u00c9 expands worldwide with the acquisition of System Video in Dublin and GMS near Frankfurt.\" \/>\n<meta property=\"og:url\" content=\"https:\/\/www.ourforte.eu\/en\/blog\/gms-global-media-services-gmbh-becomes-forte\/\" \/>\n<meta property=\"og:site_name\" content=\"FORT\u00c9 Germany GmbH\" \/>\n<meta property=\"article:modified_time\" content=\"2025-07-22T06:18:19+00:00\" \/>\n<meta property=\"og:image\" content=\"https:\/\/www.gms-mediaservices.de\/wp-content\/uploads\/2024\/11\/Logitech-Extend-KV-e1730823069181.jpg\" \/>\n<meta name=\"twitter:card\" content=\"summary_large_image\" \/>\n<meta name=\"twitter:title\" content=\"GMS Global Media Services GmbH becomes FORT\u00c9\" \/>\n<meta name=\"twitter:image\" content=\"https:\/\/www.gms-mediaservices.de\/wp-content\/uploads\/2024\/11\/Logitech-Extend-KV-e1730823069181.jpg\" \/>\n<meta name=\"twitter:label1\" content=\"Est. reading time\" \/>\n\t<meta name=\"twitter:data1\" content=\"4 minutes\" \/>\n<!-- \/ Yoast SEO plugin. -->","yoast_head_json":{"title":"GMS Global Media Services GmbH becomes FORT\u00c9 - FORT\u00c9 Germany GmbH","description":"FORT\u00c9 expands worldwide with the acquisition of System Video in Dublin and GMS near Frankfurt.","robots":{"index":"index","follow":"follow","max-snippet":"max-snippet:-1","max-image-preview":"max-image-preview:large","max-video-preview":"max-video-preview:-1"},"canonical":"https:\/\/www.ourforte.eu\/en\/blog\/gms-global-media-services-gmbh-becomes-forte\/","og_locale":"en_US","og_type":"article","og_title":"GMS Global Media Services GmbH becomes FORT\u00c9","og_description":"FORT\u00c9 expands worldwide with the acquisition of System Video in Dublin and GMS near Frankfurt.","og_url":"https:\/\/www.ourforte.eu\/en\/blog\/gms-global-media-services-gmbh-becomes-forte\/","og_site_name":"FORT\u00c9 Germany GmbH","article_modified_time":"2025-07-22T06:18:19+00:00","og_image":[{"url":"https:\/\/www.gms-mediaservices.de\/wp-content\/uploads\/2024\/11\/Logitech-Extend-KV-e1730823069181.jpg","type":"","width":"","height":""}],"twitter_card":"summary_large_image","twitter_title":"GMS Global Media Services GmbH becomes FORT\u00c9","twitter_image":"https:\/\/www.gms-mediaservices.de\/wp-content\/uploads\/2024\/11\/Logitech-Extend-KV-e1730823069181.jpg","twitter_misc":{"Est. reading time":"4 minutes"},"schema":{"@context":"https:\/\/schema.org","@graph":[{"@type":"WebPage","@id":"https:\/\/www.ourforte.eu\/en\/blog\/gms-global-media-services-gmbh-becomes-forte\/","url":"https:\/\/www.ourforte.eu\/en\/blog\/gms-global-media-services-gmbh-becomes-forte\/","name":"GMS Global Media Services GmbH becomes FORT\u00c9 - FORT\u00c9 Germany GmbH","isPartOf":{"@id":"https:\/\/www.ourforte.eu\/en\/#website"},"primaryImageOfPage":{"@id":"https:\/\/www.ourforte.eu\/en\/blog\/gms-global-media-services-gmbh-becomes-forte\/#primaryimage"},"image":{"@id":"https:\/\/www.ourforte.eu\/en\/blog\/gms-global-media-services-gmbh-becomes-forte\/#primaryimage"},"thumbnailUrl":"https:\/\/www.ourforte.eu\/wp-content\/uploads\/2025\/04\/Aus-GMS-wird-FORTE.gif","datePublished":"2025-04-23T11:43:42+00:00","dateModified":"2025-07-22T06:18:19+00:00","description":"FORT\u00c9 expands worldwide with the acquisition of System Video in Dublin and GMS near Frankfurt.","breadcrumb":{"@id":"https:\/\/www.ourforte.eu\/en\/blog\/gms-global-media-services-gmbh-becomes-forte\/#breadcrumb"},"inLanguage":"en-US","potentialAction":[{"@type":"ReadAction","target":["https:\/\/www.ourforte.eu\/en\/blog\/gms-global-media-services-gmbh-becomes-forte\/"]}]},{"@type":"ImageObject","inLanguage":"en-US","@id":"https:\/\/www.ourforte.eu\/en\/blog\/gms-global-media-services-gmbh-becomes-forte\/#primaryimage","url":"https:\/\/www.ourforte.eu\/wp-content\/uploads\/2025\/04\/Aus-GMS-wird-FORTE.gif","contentUrl":"https:\/\/www.ourforte.eu\/wp-content\/uploads\/2025\/04\/Aus-GMS-wird-FORTE.gif"},{"@type":"BreadcrumbList","@id":"https:\/\/www.ourforte.eu\/en\/blog\/gms-global-media-services-gmbh-becomes-forte\/#breadcrumb","itemListElement":[{"@type":"ListItem","position":1,"name":"Startseite","item":"https:\/\/www.ourforte.eu\/en\/forte-your-smart-building-and-media-technology-expert-in-frankfurt\/"},{"@type":"ListItem","position":2,"name":"Blog","item":"https:\/\/www.ourforte.eu\/en\/blog\/"},{"@type":"ListItem","position":3,"name":"GMS Global Media Services GmbH becomes FORT\u00c9"}]},{"@type":"WebSite","@id":"https:\/\/www.ourforte.eu\/en\/#website","url":"https:\/\/www.ourforte.eu\/en\/","name":"FORT\u00c9 Germany GmbH","description":"Transforming the modern Workplace","potentialAction":[{"@type":"SearchAction","target":{"@type":"EntryPoint","urlTemplate":"https:\/\/www.ourforte.eu\/en\/?s={search_term_string}"},"query-input":{"@type":"PropertyValueSpecification","valueRequired":true,"valueName":"search_term_string"}}],"inLanguage":"en-US"}]}},"_links":{"self":[{"href":"https:\/\/www.ourforte.eu\/en\/wp-json\/wp\/v2\/pages\/20686","targetHints":{"allow":["GET"]}}],"collection":[{"href":"https:\/\/www.ourforte.eu\/en\/wp-json\/wp\/v2\/pages"}],"about":[{"href":"https:\/\/www.ourforte.eu\/en\/wp-json\/wp\/v2\/types\/page"}],"author":[{"embeddable":true,"href":"https:\/\/www.ourforte.eu\/en\/wp-json\/wp\/v2\/users\/8"}],"replies":[{"embeddable":true,"href":"https:\/\/www.ourforte.eu\/en\/wp-json\/wp\/v2\/comments?post=20686"}],"version-history":[{"count":2,"href":"https:\/\/www.ourforte.eu\/en\/wp-json\/wp\/v2\/pages\/20686\/revisions"}],"predecessor-version":[{"id":20770,"href":"https:\/\/www.ourforte.eu\/en\/wp-json\/wp\/v2\/pages\/20686\/revisions\/20770"}],"up":[{"embeddable":true,"href":"https:\/\/www.ourforte.eu\/en\/wp-json\/wp\/v2\/pages\/20378"}],"wp:attachment":[{"href":"https:\/\/www.ourforte.eu\/en\/wp-json\/wp\/v2\/media?parent=20686"}],"curies":[{"name":"wp","href":"https:\/\/api.w.org\/{rel}","templated":true}]}}